{"id":737,"date":"2022-07-16T22:42:12","date_gmt":"2022-07-16T22:42:12","guid":{"rendered":"https:\/\/sites.saic.edu\/emerge2022\/?page_id=737"},"modified":"2023-02-21T22:56:29","modified_gmt":"2023-02-21T22:56:29","slug":"about","status":"publish","type":"page","link":"https:\/\/sites.saic.edu\/emerge\/about\/","title":{"rendered":"ABOUT"},"content":{"rendered":"\n<h3 class=\"has-text-align-center has-text-color wp-block-heading\" style=\"color:#808080;font-size:50px;letter-spacing:-1px;text-transform:capitalize\">The Change Issue<br>2023<\/h3>\n\n\n\n<h4 class=\"has-text-color wp-block-heading\" style=\"color:#210838\"><em>Another world is not only possible, she is on<br>her way. On a quiet day, I can hear her breathing.<\/em><\/h4>\n\n\n\n<p class=\"has-text-color has-large-font-size\" style=\"color:#210838\">&#8212; Arundhati Roy<\/p>\n\n\n\n<div class=\"wp-block-media-text alignfull has-media-on-the-right is-stacked-on-mobile is-vertically-aligned-center is-image-fill\" style=\"grid-template-columns:auto 40%\"><div class=\"wp-block-media-text__content\">\n<p class=\"has-text-color has-large-font-size\" style=\"color:#210838\"><strong>Editor&#8217;s Note<\/strong><\/p>\n\n\n\n<h5 class=\"alignwide has-small-font-size wp-block-heading\" style=\"font-style:normal;font-weight:300\">We started working on this issue in the fall of 2021, it was the beginning of our first semester in the Arts Administration and Policy Master\u2019s program at the School of the Art Institute of Chicago (SAIC). Then, neither of us had been students for years, and we hadn\u2019t co-existed in such a vast artist community since before the pandemic. Masks were (and still are) mandatory, our vaccination status was closely monitored, and our interactions felt conditioned by a fear of contagion. It was as if the masks we wore between our mouths and the air were manifesting themselves as a barrier in our ability to build a community.<br><br>Since the beginning, this issue of <em>emerge<\/em> was focused on \u201cchange,\u201d and among the myriad of directions this issue could have gone in, we decided to direct our attention on how to deal with this barrier in a variety of other situations outside of our privileged academic context. We clung on to the word breathing for guidance, partly inspired by Franco Berardi\u2019s ideas on how the breath can stimulate a new path for a society who is no longer in tune with its biological rhythms. If inspiration is another word for breath, how can we breathe together, how can we <strong>co-inspire<\/strong>? Is this return to the physical world an opportunity to be mindful of other people\u2019s rhythms&#8211;of the inhalations and exhalations that occur in beats outside of our own?<br><br>To ground change, transmutation, metamorphosis, and transubstantiation in arts administration, this issue focuses on creative leaders who are working with improvisational practices, using their intuition, encouraging flexibility, and growing from neoliberal and patriarchal paradigms. The artwork and poetry populating these pages are the result of an open call to SAIC students for creative work related to change, improvisation, and co-inspiration. Finally, much of our editorial and fundraising efforts were dedicated to printing this issue in hopes that the work will be circulated within other arts administrators around the world. Take this copy, read her out loud, skim, read her quietly, take notes, draw, and pass along to a friend.<br><br>We are enormously grateful to Adelheid Mers, Chair of the Art Administration and Policy Department; to Asha Iman Veal, our Editorial Advisor; to Benita Nnachortam who helped conceptualize the issue; to the vulnerability, patience, and generosity of our creative contributors; and to all of the individual SAIC departments who supported our project.<\/h5>\n\n\n\n<p class=\"has-text-color has-large-font-size\" style=\"color:#210838\">&#8212; Marielle Mervau and In\u00e9s Arango Guingue, Editors.<\/p>\n<\/div><figure class=\"wp-block-media-text__media\" style=\"background-image:url(http:\/\/sites.saic.edu\/emerge2022\/wp-content\/uploads\/sites\/144\/2023\/02\/Acknowledgements-background-e1676565455429-785x1024.jpg);background-position:50% 50%\"><img loading=\"lazy\" decoding=\"async\" width=\"785\" height=\"1024\" src=\"http:\/\/sites.saic.edu\/emerge2022\/wp-content\/uploads\/sites\/144\/2023\/02\/Acknowledgements-background-e1676565455429-785x1024.jpg\" alt=\"\" class=\"wp-image-1347 size-full\" srcset=\"https:\/\/sites.saic.edu\/emerge\/wp-content\/uploads\/sites\/144\/2023\/02\/Acknowledgements-background-e1676565455429-785x1024.jpg 785w, https:\/\/sites.saic.edu\/emerge\/wp-content\/uploads\/sites\/144\/2023\/02\/Acknowledgements-background-e1676565455429-230x300.jpg 230w, https:\/\/sites.saic.edu\/emerge\/wp-content\/uploads\/sites\/144\/2023\/02\/Acknowledgements-background-e1676565455429-768x1002.jpg 768w, https:\/\/sites.saic.edu\/emerge\/wp-content\/uploads\/sites\/144\/2023\/02\/Acknowledgements-background-e1676565455429-1177x1536.jpg 1177w, https:\/\/sites.saic.edu\/emerge\/wp-content\/uploads\/sites\/144\/2023\/02\/Acknowledgements-background-e1676565455429-1200x1566.jpg 1200w, https:\/\/sites.saic.edu\/emerge\/wp-content\/uploads\/sites\/144\/2023\/02\/Acknowledgements-background-e1676565455429.jpg 1305w\" sizes=\"auto, (max-width: 785px) 100vw, 785px\" \/><\/figure><\/div>\n\n\n\n<div class=\"wp-block-columns alignwide is-layout-flex wp-container-core-columns-is-layout-9d6595d7 wp-block-columns-is-layout-flex\">\n<div class=\"wp-block-column is-layout-flow wp-block-column-is-layout-flow\" style=\"flex-basis:33.34%\">\n<h5 class=\"alignwide has-small-font-size wp-block-heading\" style=\"font-style:normal;font-weight:300;letter-spacing:0px\"><strong>Editor-in-Chief:<\/strong> In\u00e9s Arango Guingue<\/h5>\n\n\n\n<p style=\"font-size:16px\">In\u00e9s Arango-Guingue is a curator, artist and writer from Bogot\u00e1, Colombia. Believing in art\u2019s potential to mobilize ideas and shift paradigms, Arango-Guingue engages with contexts that explore non-rationality as a change-inducing practice, and explores curating as a community-building practice. Her recent research centers the power of invisibility, magic and opacity. She has organized exhibitions in Bogot\u00e1, New York City, Barranquilla, and Cali, and directed artists&#8217; spaces, residencies and art education programs. She has worked with Le\u00f3n Tovar Gallery in New York City, Museo del Banco de la Rep\u00fablica in Bogot\u00e1, and as Assistant Curator of Ath\u00e9n\u00e9e Press. She recently curated and facilitated <em>Fantasmas Y Paratexto (Ghosts and Paratext)<\/em> at Museo del Banco de la Rep\u00fablica in Bogot\u00e1, a five-month long residency and exhibition program financed with a grant awarded by the city of Bogot\u00e1. As part of the School of the Art Institute of Chicago\u2019s Master of Arts Administration and Policy\u2019s 2023 cohort, In\u00e9s is co-editor of the department\u2019s journal, <em>Emerge<\/em> and a Graduate Fellow of SAIC\u2019s Institute for Curatorial Research and Practice.<\/p>\n<\/div>\n\n\n\n<div class=\"wp-block-column is-layout-flow wp-block-column-is-layout-flow\" style=\"flex-basis:33.34%\">\n<h5 class=\"alignwide has-small-font-size wp-block-heading\" style=\"font-style:normal;font-weight:300;letter-spacing:0px\"><strong>Associate Editor: <\/strong>Marielle Mervau<\/h5>\n\n\n\n<p style=\"font-size:16px\">Marielle Mervau (she\/her) is an organizer and arts administrator based in Chicago, IL. Prior to relocating to Chicago, Marielle was the Curatorial Associate and Visitor Engagement Manager at the Institute of Contemporary Art, San Jose. Currently, she is the Grants Manager at Comfort Station and the co-founder of Companion Cooperative. Marielle is pursuing a Master&#8217;s Degree in Arts Administration and Policy from the School of the Art Institute of Chicago (SAIC). At SAIC, she is the Associate Editor of the Art Administration Department&#8217;s <em>Emerge Journal<\/em> and previously served as a board member for the grantmaking &#8220;Enrichment Fund.\u201d Marielle\u2019s research interests include cultural policy, solidarity economies, funder relations, and the non-profit lexicon.<\/p>\n<\/div>\n\n\n\n<div class=\"wp-block-column is-layout-flow wp-block-column-is-layout-flow\" style=\"flex-basis:33.33%\">\n<h5 class=\"alignwide has-small-font-size wp-block-heading\" style=\"font-style:normal;font-weight:300;letter-spacing:0px\"><strong>Web Design: <\/strong>Lindsey Hayakawa<\/h5>\n\n\n\n<p style=\"font-size:16px\">Lindsey Hayakawa is a nonprofit administrator originally from Pittsburgh, Pennsylvania, and currently living and working in Chicago, Illinois.\u00a0She received her Bachelor of Fine Arts in Ceramics and Art History Minor from Pennsylvania State University in 2012. Since 2015, Hayakawa has worked in development, fundraising, and communications for Sojourner House, a Pittsburgh-based nonprofit organization that provides housing and addiction treatment services to families, specifically mothers with children. Hayakawa has over seven years of experience in executive level administrative support, donor database management, coordinating fundraising events, design project management, as well as grant writing and funding research. She is currently working as a graduate assistant for the Department of Arts Administration and Policy at the School of the Art Institute of Chicago, where she is pursuing a Master of Arts in Arts Administration and Policy.<\/p>\n<\/div>\n<\/div>\n\n\n\n<p class=\"has-text-color has-large-font-size\" style=\"color:#210838\"><strong>Acknowledgements<\/strong><\/p>\n\n\n\n<h5 class=\"alignwide wp-block-heading\" style=\"font-size:16px;font-style:normal;font-weight:300\">This issue of<em> emerge <\/em>has been generously funded by several departments at the School of the Art Institute of Chicago. We would like to acknowledge their support for this project, and thank them for trusting in the importance of this project.<br><br>Our gratitude goes to:<br><br>Adelheid Mers, Chair of the Arts Administration and Policy Department<br>Daniel Quiles, Chair of the Art History, Theory and Criticism Department<br>Delinda Collier, Dean of Graduate Studies and the Graduate Division Department<br>Katrina Valera, Director of Multicultural Affairs<br>Trevor Martin, Director of Exhibitions and the Exhibitions Department<br>Dio Aldridge, Associate Director of Diversity, Equity and Inclusion for Academic Affairs<br>Romi Crawford, Chair of the Visual and Critical Studies Department<\/h5>\n\n\n\n<div class=\"wp-block-group alignfull\"><div class=\"wp-block-group__inner-container is-layout-flow wp-block-group-is-layout-flow\">\n<div class=\"wp-block-cover alignfull is-light\" style=\"min-height:200px;aspect-ratio:unset;\"><span aria-hidden=\"true\" class=\"wp-block-cover__background has-background-dim-0 has-background-dim\"><\/span><img loading=\"lazy\" decoding=\"async\" width=\"2500\" height=\"1778\" class=\"wp-block-cover__image-background wp-image-380\" alt=\"\" src=\"http:\/\/sites.saic.edu\/emerge2022\/wp-content\/uploads\/sites\/144\/2022\/07\/emerge-BG-4.jpg\" style=\"object-position:65% 26%\" data-object-fit=\"cover\" data-object-position=\"65% 26%\" srcset=\"https:\/\/sites.saic.edu\/emerge\/wp-content\/uploads\/sites\/144\/2022\/07\/emerge-BG-4.jpg 2500w, https:\/\/sites.saic.edu\/emerge\/wp-content\/uploads\/sites\/144\/2022\/07\/emerge-BG-4-300x213.jpg 300w, https:\/\/sites.saic.edu\/emerge\/wp-content\/uploads\/sites\/144\/2022\/07\/emerge-BG-4-1024x728.jpg 1024w, https:\/\/sites.saic.edu\/emerge\/wp-content\/uploads\/sites\/144\/2022\/07\/emerge-BG-4-768x546.jpg 768w, https:\/\/sites.saic.edu\/emerge\/wp-content\/uploads\/sites\/144\/2022\/07\/emerge-BG-4-1536x1092.jpg 1536w, https:\/\/sites.saic.edu\/emerge\/wp-content\/uploads\/sites\/144\/2022\/07\/emerge-BG-4-2048x1457.jpg 2048w, https:\/\/sites.saic.edu\/emerge\/wp-content\/uploads\/sites\/144\/2022\/07\/emerge-BG-4-1200x853.jpg 1200w, https:\/\/sites.saic.edu\/emerge\/wp-content\/uploads\/sites\/144\/2022\/07\/emerge-BG-4-1980x1408.jpg 1980w\" sizes=\"auto, (max-width: 2500px) 100vw, 2500px\" \/><div class=\"wp-block-cover__inner-container is-layout-flow wp-block-cover-is-layout-flow\">\n<div class=\"wp-block-media-text alignwide is-stacked-on-mobile\" style=\"grid-template-columns:25% auto\"><figure class=\"wp-block-media-text__media\"><a href=\"https:\/\/sites.saic.edu\/emerge2022\/\"><img loading=\"lazy\" decoding=\"async\" width=\"736\" height=\"579\" src=\"http:\/\/sites.saic.edu\/emerge2022\/wp-content\/uploads\/sites\/144\/2023\/02\/Emerge_Logos_Arch_DarkPurple.png\" alt=\"\" class=\"wp-image-1781 size-full\" srcset=\"https:\/\/sites.saic.edu\/emerge\/wp-content\/uploads\/sites\/144\/2023\/02\/Emerge_Logos_Arch_DarkPurple.png 736w, https:\/\/sites.saic.edu\/emerge\/wp-content\/uploads\/sites\/144\/2023\/02\/Emerge_Logos_Arch_DarkPurple-300x236.png 300w\" sizes=\"auto, (max-width: 736px) 100vw, 736px\" \/><\/a><\/figure><div class=\"wp-block-media-text__content\">\n<p class=\"has-text-align-right has-background-color has-text-color has-large-font-size\"><a rel=\"noreferrer noopener\" href=\"mailto:emerge@saic.edu\" target=\"_blank\">emerge@saic.edu<\/a><\/p>\n\n\n\n<ul class=\"wp-block-social-links aligncenter has-large-icon-size has-icon-color is-style-logos-only is-content-justification-right is-layout-flex wp-container-core-social-links-is-layout-765c4724 wp-block-social-links-is-layout-flex\"><li style=\"color: #ffffff; \" class=\"wp-social-link wp-social-link-instagram has-background-color wp-block-social-link\"><a rel=\"noopener nofollow\" target=\"_blank\" href=\"https:\/\/www.instagram.com\/emerge.saic\/\" class=\"wp-block-social-link-anchor\"><svg width=\"24\" height=\"24\" viewBox=\"0 0 24 24\" version=\"1.1\" xmlns=\"http:\/\/www.w3.org\/2000\/svg\" aria-hidden=\"true\" focusable=\"false\"><path d=\"M12,4.622c2.403,0,2.688,0.009,3.637,0.052c0.877,0.04,1.354,0.187,1.671,0.31c0.42,0.163,0.72,0.358,1.035,0.673 c0.315,0.315,0.51,0.615,0.673,1.035c0.123,0.317,0.27,0.794,0.31,1.671c0.043,0.949,0.052,1.234,0.052,3.637 s-0.009,2.688-0.052,3.637c-0.04,0.877-0.187,1.354-0.31,1.671c-0.163,0.42-0.358,0.72-0.673,1.035 c-0.315,0.315-0.615,0.51-1.035,0.673c-0.317,0.123-0.794,0.27-1.671,0.31c-0.949,0.043-1.233,0.052-3.637,0.052 s-2.688-0.009-3.637-0.052c-0.877-0.04-1.354-0.187-1.671-0.31c-0.42-0.163-0.72-0.358-1.035-0.673 c-0.315-0.315-0.51-0.615-0.673-1.035c-0.123-0.317-0.27-0.794-0.31-1.671C4.631,14.688,4.622,14.403,4.622,12 s0.009-2.688,0.052-3.637c0.04-0.877,0.187-1.354,0.31-1.671c0.163-0.42,0.358-0.72,0.673-1.035 c0.315-0.315,0.615-0.51,1.035-0.673c0.317-0.123,0.794-0.27,1.671-0.31C9.312,4.631,9.597,4.622,12,4.622 M12,3 C9.556,3,9.249,3.01,8.289,3.054C7.331,3.098,6.677,3.25,6.105,3.472C5.513,3.702,5.011,4.01,4.511,4.511 c-0.5,0.5-0.808,1.002-1.038,1.594C3.25,6.677,3.098,7.331,3.054,8.289C3.01,9.249,3,9.556,3,12c0,2.444,0.01,2.751,0.054,3.711 c0.044,0.958,0.196,1.612,0.418,2.185c0.23,0.592,0.538,1.094,1.038,1.594c0.5,0.5,1.002,0.808,1.594,1.038 c0.572,0.222,1.227,0.375,2.185,0.418C9.249,20.99,9.556,21,12,21s2.751-0.01,3.711-0.054c0.958-0.044,1.612-0.196,2.185-0.418 c0.592-0.23,1.094-0.538,1.594-1.038c0.5-0.5,0.808-1.002,1.038-1.594c0.222-0.572,0.375-1.227,0.418-2.185 C20.99,14.751,21,14.444,21,12s-0.01-2.751-0.054-3.711c-0.044-0.958-0.196-1.612-0.418-2.185c-0.23-0.592-0.538-1.094-1.038-1.594 c-0.5-0.5-1.002-0.808-1.594-1.038c-0.572-0.222-1.227-0.375-2.185-0.418C14.751,3.01,14.444,3,12,3L12,3z M12,7.378 c-2.552,0-4.622,2.069-4.622,4.622S9.448,16.622,12,16.622s4.622-2.069,4.622-4.622S14.552,7.378,12,7.378z M12,15 c-1.657,0-3-1.343-3-3s1.343-3,3-3s3,1.343,3,3S13.657,15,12,15z M16.804,6.116c-0.596,0-1.08,0.484-1.08,1.08 s0.484,1.08,1.08,1.08c0.596,0,1.08-0.484,1.08-1.08S17.401,6.116,16.804,6.116z\"><\/path><\/svg><span class=\"wp-block-social-link-label screen-reader-text\">Instagram<\/span><\/a><\/li>\n\n<li style=\"color: #ffffff; \" class=\"wp-social-link wp-social-link-facebook has-background-color wp-block-social-link\"><a rel=\"noopener nofollow\" target=\"_blank\" href=\"https:\/\/www.facebook.com\/SAIC.artsadministrationandpolicy\/\" class=\"wp-block-social-link-anchor\"><svg width=\"24\" height=\"24\" viewBox=\"0 0 24 24\" version=\"1.1\" xmlns=\"http:\/\/www.w3.org\/2000\/svg\" aria-hidden=\"true\" focusable=\"false\"><path d=\"M12 2C6.5 2 2 6.5 2 12c0 5 3.7 9.1 8.4 9.9v-7H7.9V12h2.5V9.8c0-2.5 1.5-3.9 3.8-3.9 1.1 0 2.2.2 2.2.2v2.5h-1.3c-1.2 0-1.6.8-1.6 1.6V12h2.8l-.4 2.9h-2.3v7C18.3 21.1 22 17 22 12c0-5.5-4.5-10-10-10z\"><\/path><\/svg><span class=\"wp-block-social-link-label screen-reader-text\">Facebook<\/span><\/a><\/li>\n\n<li style=\"color: #ffffff; \" class=\"wp-social-link wp-social-link-chain has-background-color wp-block-social-link\"><a rel=\"noopener nofollow\" target=\"_blank\" href=\"https:\/\/www.saic.edu\/\" class=\"wp-block-social-link-anchor\"><svg width=\"24\" height=\"24\" viewBox=\"0 0 24 24\" version=\"1.1\" xmlns=\"http:\/\/www.w3.org\/2000\/svg\" aria-hidden=\"true\" focusable=\"false\"><path d=\"M15.6,7.2H14v1.5h1.6c2,0,3.7,1.7,3.7,3.7s-1.7,3.7-3.7,3.7H14v1.5h1.6c2.8,0,5.2-2.3,5.2-5.2,0-2.9-2.3-5.2-5.2-5.2zM4.7,12.4c0-2,1.7-3.7,3.7-3.7H10V7.2H8.4c-2.9,0-5.2,2.3-5.2,5.2,0,2.9,2.3,5.2,5.2,5.2H10v-1.5H8.4c-2,0-3.7-1.7-3.7-3.7zm4.6.9h5.3v-1.5H9.3v1.5z\"><\/path><\/svg><span class=\"wp-block-social-link-label screen-reader-text\">Link<\/span><\/a><\/li><\/ul>\n<\/div><\/div>\n<\/div><\/div>\n<\/div><\/div>\n","protected":false},"excerpt":{"rendered":"<p>The Change Issue2023 Another world is not only possible, she is onher way. On a quiet day, I can hear her breathing. &#8212; Arundhati Roy Editor&#8217;s Note We started working on this issue in the fall of 2021, it was the beginning of our first semester in the Arts Administration and Policy Master\u2019s program at [&hellip;]<\/p>\n","protected":false},"author":271,"featured_media":0,"parent":0,"menu_order":3,"comment_status":"closed","ping_status":"closed","template":"templates\/template-full-width.php","meta":{"_acf_changed":false,"footnotes":""},"class_list":["post-737","page","type-page","status-publish","hentry"],"acf":[],"_links":{"self":[{"href":"https:\/\/sites.saic.edu\/emerge\/wp-json\/wp\/v2\/pages\/737","targetHints":{"allow":["GET"]}}],"collection":[{"href":"https:\/\/sites.saic.edu\/emerge\/wp-json\/wp\/v2\/pages"}],"about":[{"href":"https:\/\/sites.saic.edu\/emerge\/wp-json\/wp\/v2\/types\/page"}],"author":[{"embeddable":true,"href":"https:\/\/sites.saic.edu\/emerge\/wp-json\/wp\/v2\/users\/271"}],"replies":[{"embeddable":true,"href":"https:\/\/sites.saic.edu\/emerge\/wp-json\/wp\/v2\/comments?post=737"}],"version-history":[{"count":100,"href":"https:\/\/sites.saic.edu\/emerge\/wp-json\/wp\/v2\/pages\/737\/revisions"}],"predecessor-version":[{"id":1892,"href":"https:\/\/sites.saic.edu\/emerge\/wp-json\/wp\/v2\/pages\/737\/revisions\/1892"}],"wp:attachment":[{"href":"https:\/\/sites.saic.edu\/emerge\/wp-json\/wp\/v2\/media?parent=737"}],"curies":[{"name":"wp","href":"https:\/\/api.w.org\/{rel}","templated":true}]}}