{"id":101,"date":"2018-08-08T19:00:36","date_gmt":"2018-08-08T19:00:36","guid":{"rendered":"http:\/\/sites.saic.edu\/talkingtoaction\/?page_id=101"},"modified":"2018-08-22T16:39:54","modified_gmt":"2018-08-22T16:39:54","slug":"partners","status":"publish","type":"page","link":"https:\/\/sites.saic.edu\/talkingtoaction\/partners\/","title":{"rendered":"Partners"},"content":{"rendered":"<p><img loading=\"lazy\" decoding=\"async\" class=\"alignnone size-medium wp-image-214\" src=\"http:\/\/sites.saic.edu\/talkingtoaction\/wp-content\/uploads\/sites\/84\/2018\/08\/OtisCollege_LOGO-stack_PANTONE-BLACK-2-192x300.jpg\" alt=\"\" width=\"192\" height=\"300\" srcset=\"https:\/\/sites.saic.edu\/talkingtoaction\/wp-content\/uploads\/sites\/84\/2018\/08\/OtisCollege_LOGO-stack_PANTONE-BLACK-2-192x300.jpg 192w, https:\/\/sites.saic.edu\/talkingtoaction\/wp-content\/uploads\/sites\/84\/2018\/08\/OtisCollege_LOGO-stack_PANTONE-BLACK-2-768x1198.jpg 768w, https:\/\/sites.saic.edu\/talkingtoaction\/wp-content\/uploads\/sites\/84\/2018\/08\/OtisCollege_LOGO-stack_PANTONE-BLACK-2-656x1024.jpg 656w, https:\/\/sites.saic.edu\/talkingtoaction\/wp-content\/uploads\/sites\/84\/2018\/08\/OtisCollege_LOGO-stack_PANTONE-BLACK-2-150x234.jpg 150w, https:\/\/sites.saic.edu\/talkingtoaction\/wp-content\/uploads\/sites\/84\/2018\/08\/OtisCollege_LOGO-stack_PANTONE-BLACK-2.jpg 1436w\" sizes=\"auto, (max-width: 192px) 100vw, 192px\" \/><img loading=\"lazy\" decoding=\"async\" class=\"alignnone size-medium wp-image-219\" src=\"http:\/\/sites.saic.edu\/talkingtoaction\/wp-content\/uploads\/sites\/84\/2018\/08\/Screen-Shot-2018-08-22-at-11.38.22-AM-300x83.png\" alt=\"\" width=\"300\" height=\"83\" srcset=\"https:\/\/sites.saic.edu\/talkingtoaction\/wp-content\/uploads\/sites\/84\/2018\/08\/Screen-Shot-2018-08-22-at-11.38.22-AM-300x83.png 300w, https:\/\/sites.saic.edu\/talkingtoaction\/wp-content\/uploads\/sites\/84\/2018\/08\/Screen-Shot-2018-08-22-at-11.38.22-AM-768x213.png 768w, https:\/\/sites.saic.edu\/talkingtoaction\/wp-content\/uploads\/sites\/84\/2018\/08\/Screen-Shot-2018-08-22-at-11.38.22-AM-1024x284.png 1024w, https:\/\/sites.saic.edu\/talkingtoaction\/wp-content\/uploads\/sites\/84\/2018\/08\/Screen-Shot-2018-08-22-at-11.38.22-AM-150x42.png 150w, https:\/\/sites.saic.edu\/talkingtoaction\/wp-content\/uploads\/sites\/84\/2018\/08\/Screen-Shot-2018-08-22-at-11.38.22-AM.png 1710w\" sizes=\"auto, (max-width: 300px) 100vw, 300px\" \/><img loading=\"lazy\" decoding=\"async\" class=\"alignnone size-medium wp-image-209\" src=\"http:\/\/sites.saic.edu\/talkingtoaction\/wp-content\/uploads\/sites\/84\/2018\/08\/ICI_logo_large-300x195.jpg\" alt=\"\" width=\"300\" height=\"195\" srcset=\"https:\/\/sites.saic.edu\/talkingtoaction\/wp-content\/uploads\/sites\/84\/2018\/08\/ICI_logo_large-300x195.jpg 300w, https:\/\/sites.saic.edu\/talkingtoaction\/wp-content\/uploads\/sites\/84\/2018\/08\/ICI_logo_large-768x499.jpg 768w, https:\/\/sites.saic.edu\/talkingtoaction\/wp-content\/uploads\/sites\/84\/2018\/08\/ICI_logo_large-1024x666.jpg 1024w, https:\/\/sites.saic.edu\/talkingtoaction\/wp-content\/uploads\/sites\/84\/2018\/08\/ICI_logo_large-150x98.jpg 150w\" sizes=\"auto, (max-width: 300px) 100vw, 300px\" \/>\u00a0<img loading=\"lazy\" decoding=\"async\" class=\"alignnone size-medium wp-image-221\" src=\"http:\/\/sites.saic.edu\/talkingtoaction\/wp-content\/uploads\/sites\/84\/2018\/08\/Screen-Shot-2018-08-22-at-11.39.36-AM-300x267.png\" alt=\"\" width=\"300\" height=\"267\" srcset=\"https:\/\/sites.saic.edu\/talkingtoaction\/wp-content\/uploads\/sites\/84\/2018\/08\/Screen-Shot-2018-08-22-at-11.39.36-AM-300x267.png 300w, https:\/\/sites.saic.edu\/talkingtoaction\/wp-content\/uploads\/sites\/84\/2018\/08\/Screen-Shot-2018-08-22-at-11.39.36-AM-768x684.png 768w, https:\/\/sites.saic.edu\/talkingtoaction\/wp-content\/uploads\/sites\/84\/2018\/08\/Screen-Shot-2018-08-22-at-11.39.36-AM-150x134.png 150w, https:\/\/sites.saic.edu\/talkingtoaction\/wp-content\/uploads\/sites\/84\/2018\/08\/Screen-Shot-2018-08-22-at-11.39.36-AM.png 772w\" sizes=\"auto, (max-width: 300px) 100vw, 300px\" \/><\/p>\n<p><span style=\"font-weight: 400\">ENGLISH:<\/span><\/p>\n<p><i><span style=\"font-weight: 400\">Talking to Action: Art, Pedagogy, and Activism in the Americas<\/span><\/i><span style=\"font-weight: 400\">\u00a0is curated by Bill Kelley, Jr., Curator and Lead Researcher with Karen Moss, Consulting Curator.\u00a0 Talking to Action is organized by Ben Maltz Gallery at Otis College of Art and Design as part of Pacific Standard Time: LA\/LA, and managed as a traveling exhibition by Independent Curators International (ICI). The exhibition and tour are made possible, in part, with the generous support of the Getty Foundation, PST: LA\/LA presenting sponsor Bank of America, the ICI Board of Trustees and ICI\u2019s International Forum. <\/span><\/p>\n<p><span style=\"font-weight: 400\">The presentation at SAIC includes additional projects by Maria Gaspar and Pedro Reyes, and has been organized by the Department of Exhibitions curators Hannah Barco and Trevor Martin with Graduate Curatorial Assistants Almudena Caso Burbano (MAAE 2019) and Carlos Salazar Lermont (Dual MA 2019). \u00a0Exhibitions at the Sullivan Galleries are supported in part by a grant from the Illinois Arts Council Agency.<\/span><\/p>\n<p>&nbsp;<\/p>\n<p><span style=\"font-weight: 400\">ESPA\u00d1OL:<\/span><\/p>\n<p><i><span style=\"font-weight: 400\">Hablar y Actuar: Arte, Pedagog\u00eda y Activismo en las Am\u00e9ricas<\/span><\/i><span style=\"font-weight: 400\">\u00a0es presentada por el curador e investigador principal Bill Kelley, Jr. en colaboraci\u00f3n\u00a0con Karen Moss, curadora asesora.\u00a0<\/span><i><span style=\"font-weight: 400\">Hablar y Actuar<\/span><\/i><span style=\"font-weight: 400\">\u00a0fue organizada por Ben Maltz Gallery de Otis School of Art and Design\u00a0como parte de Pacific Standard Time: LA\/LA y gestionada como exposici\u00f3n itinerante por Independent Curators International (ICI). La exposici\u00f3n y la itinerancia son posibles, en parte, gracias al generoso apoyo de la Fundaci\u00f3n Getty, Bank of America, la Junta Directiva de ICI y el Foro Internacional de ICI.<\/span><\/p>\n<p><span style=\"font-weight: 400\">La presentaci\u00f3n en SAIC incluye proyectos adicionales desarrollados por los artistas Mar\u00eda Gaspar y Pedro Reyes, y ha sido organizada por el los curadores del Departamento de Exposiciones Hannah Barco y Trevor Martin junto a los Asistentes de Curadur\u00eda de Posgrado Almudena Caso Burbano (MA 2019) y Carlos Salazar-Lermont (Dual MA 2019). Las exposiciones en Sullivan Galleries son parcialmente apoyadas por una subvenci\u00f3n de Illinois Arts Council Agency.<\/span><\/p>\n","protected":false},"excerpt":{"rendered":"<p>\u00a0 ENGLISH: Talking to Action: Art, Pedagogy, and Activism in the Americas\u00a0is curated by Bill Kelley, Jr., Curator and Lead Researcher with Karen Moss, Consulting Curator.\u00a0 Talking to Action is organized by Ben Maltz Gallery at Otis College of Art and Design as part of Pacific Standard Time: LA\/LA, and managed as a traveling exhibition &hellip; <a href=\"https:\/\/sites.saic.edu\/talkingtoaction\/partners\/\">Continued<\/a><\/p>\n","protected":false},"author":4,"featured_media":0,"parent":0,"menu_order":0,"comment_status":"closed","ping_status":"closed","template":"","meta":{"_acf_changed":false,"footnotes":""},"class_list":["post-101","page","type-page","status-publish","hentry"],"acf":[],"_links":{"self":[{"href":"https:\/\/sites.saic.edu\/talkingtoaction\/wp-json\/wp\/v2\/pages\/101","targetHints":{"allow":["GET"]}}],"collection":[{"href":"https:\/\/sites.saic.edu\/talkingtoaction\/wp-json\/wp\/v2\/pages"}],"about":[{"href":"https:\/\/sites.saic.edu\/talkingtoaction\/wp-json\/wp\/v2\/types\/page"}],"author":[{"embeddable":true,"href":"https:\/\/sites.saic.edu\/talkingtoaction\/wp-json\/wp\/v2\/users\/4"}],"replies":[{"embeddable":true,"href":"https:\/\/sites.saic.edu\/talkingtoaction\/wp-json\/wp\/v2\/comments?post=101"}],"version-history":[{"count":7,"href":"https:\/\/sites.saic.edu\/talkingtoaction\/wp-json\/wp\/v2\/pages\/101\/revisions"}],"predecessor-version":[{"id":222,"href":"https:\/\/sites.saic.edu\/talkingtoaction\/wp-json\/wp\/v2\/pages\/101\/revisions\/222"}],"wp:attachment":[{"href":"https:\/\/sites.saic.edu\/talkingtoaction\/wp-json\/wp\/v2\/media?parent=101"}],"curies":[{"name":"wp","href":"https:\/\/api.w.org\/{rel}","templated":true}]}}